{"id":621,"date":"2022-09-06T17:32:05","date_gmt":"2022-09-06T17:32:05","guid":{"rendered":"https:\/\/esthetiquejustface.com\/?page_id=621"},"modified":"2022-09-06T17:36:12","modified_gmt":"2022-09-06T17:36:12","slug":"esthetique-hydrafacial-griffintown","status":"publish","type":"page","link":"https:\/\/esthetiquejustface.com\/en\/esthetique-hydrafacial-griffintown\/","title":{"rendered":"esthetique-hydrafacial-griffintown"},"content":{"rendered":"\t\t<div data-elementor-type=\"wp-page\" data-elementor-id=\"621\" class=\"elementor elementor-621\">\n\t\t\t\t\t\t<section class=\"elementor-section elementor-top-section elementor-element elementor-element-6ae1b70 elementor-section-height-min-height elementor-section-boxed elementor-section-height-default elementor-section-items-middle\" data-id=\"6ae1b70\" data-element_type=\"section\" data-e-type=\"section\" data-settings=\"{&quot;background_background&quot;:&quot;slideshow&quot;,&quot;background_slideshow_gallery&quot;:[{&quot;id&quot;:592,&quot;url&quot;:&quot;https:\\\/\\\/esthetiquejustface.com\\\/wp-content\\\/uploads\\\/2022\\\/09\\\/CLINIC-01.jpg&quot;}],&quot;shape_divider_bottom&quot;:&quot;waves&quot;,&quot;shape_divider_bottom_negative&quot;:&quot;yes&quot;,&quot;background_slideshow_loop&quot;:&quot;yes&quot;,&quot;background_slideshow_slide_duration&quot;:5000,&quot;background_slideshow_slide_transition&quot;:&quot;fade&quot;,&quot;background_slideshow_transition_duration&quot;:500}\">\n\t\t\t\t\t\t\t<div class=\"elementor-background-overlay\"><\/div>\n\t\t\t\t\t\t<div class=\"elementor-shape elementor-shape-bottom\" aria-hidden=\"true\" data-negative=\"true\">\n\t\t\t<svg xmlns=\"http:\/\/www.w3.org\/2000\/svg\" viewBox=\"0 0 1000 100\" preserveAspectRatio=\"none\">\n\t<path class=\"elementor-shape-fill\" d=\"M790.5,93.1c-59.3-5.3-116.8-18-192.6-50c-29.6-12.7-76.9-31-100.5-35.9c-23.6-4.9-52.6-7.8-75.5-5.3\n\tc-10.2,1.1-22.6,1.4-50.1,7.4c-27.2,6.3-58.2,16.6-79.4,24.7c-41.3,15.9-94.9,21.9-134,22.6C72,58.2,0,25.8,0,25.8V100h1000V65.3\n\tc0,0-51.5,19.4-106.2,25.7C839.5,97,814.1,95.2,790.5,93.1z\"\/>\n<\/svg>\t\t<\/div>\n\t\t\t\t\t<div class=\"elementor-container elementor-column-gap-default\">\n\t\t\t\t\t<div class=\"elementor-column elementor-col-100 elementor-top-column elementor-element elementor-element-9baa956\" data-id=\"9baa956\" data-element_type=\"column\" data-e-type=\"column\">\n\t\t\t<div class=\"elementor-widget-wrap elementor-element-populated\">\n\t\t\t\t\t\t<section class=\"elementor-section elementor-inner-section elementor-element elementor-element-8a9ea2f elementor-section-boxed elementor-section-height-default elementor-section-height-default\" data-id=\"8a9ea2f\" data-element_type=\"section\" data-e-type=\"section\">\n\t\t\t\t\t\t<div class=\"elementor-container elementor-column-gap-default\">\n\t\t\t\t\t<div class=\"elementor-column elementor-col-100 elementor-inner-column elementor-element elementor-element-67cd30e\" data-id=\"67cd30e\" data-element_type=\"column\" data-e-type=\"column\">\n\t\t\t<div class=\"elementor-widget-wrap elementor-element-populated\">\n\t\t\t\t\t\t<div class=\"elementor-element elementor-element-107f9ff elementor-widget elementor-widget-heading\" data-id=\"107f9ff\" data-element_type=\"widget\" data-e-type=\"widget\" data-widget_type=\"heading.default\">\n\t\t\t\t<div class=\"elementor-widget-container\">\n\t\t\t\t\t<h3 class=\"elementor-heading-title elementor-size-default\">DES SOINS ADAPT\u00c9S POUR VOUS!<\/h3>\t\t\t\t<\/div>\n\t\t\t\t<\/div>\n\t\t\t\t<div class=\"elementor-element elementor-element-ff03211 elementor-align-left elementor-widget elementor-widget-button\" data-id=\"ff03211\" data-element_type=\"widget\" data-e-type=\"widget\" data-widget_type=\"button.default\">\n\t\t\t\t<div class=\"elementor-widget-container\">\n\t\t\t\t\t\t\t\t\t<div class=\"elementor-button-wrapper\">\n\t\t\t\t\t<a class=\"elementor-button elementor-button-link elementor-size-sm\" href=\"tel:514-830-8040\" target=\"_blank\">\n\t\t\t\t\t\t<span class=\"elementor-button-content-wrapper\">\n\t\t\t\t\t\t<span class=\"elementor-button-icon\">\n\t\t\t\t<i aria-hidden=\"true\" class=\"fas fa-phone-alt\"><\/i>\t\t\t<\/span>\n\t\t\t\t\t\t\t\t\t<span class=\"elementor-button-text\">514-830-8040<\/span>\n\t\t\t\t\t<\/span>\n\t\t\t\t\t<\/a>\n\t\t\t\t<\/div>\n\t\t\t\t\t\t\t\t<\/div>\n\t\t\t\t<\/div>\n\t\t\t\t\t<\/div>\n\t\t<\/div>\n\t\t\t\t\t<\/div>\n\t\t<\/section>\n\t\t\t\t<div class=\"elementor-element elementor-element-8bb332b elementor-widget elementor-widget-heading\" data-id=\"8bb332b\" data-element_type=\"widget\" data-e-type=\"widget\" data-widget_type=\"heading.default\">\n\t\t\t\t<div class=\"elementor-widget-container\">\n\t\t\t\t\t<h2 class=\"elementor-heading-title elementor-size-default\">Gens de Petite Bourgogne, Griffintown, Saint-Henri et Montr\u00e9al!<\/h2>\t\t\t\t<\/div>\n\t\t\t\t<\/div>\n\t\t\t\t\t<\/div>\n\t\t<\/div>\n\t\t\t\t\t<\/div>\n\t\t<\/section>\n\t\t\t\t<section class=\"elementor-section elementor-top-section elementor-element elementor-element-512d295 elementor-section-boxed elementor-section-height-default elementor-section-height-default\" data-id=\"512d295\" data-element_type=\"section\" data-e-type=\"section\" data-settings=\"{&quot;background_background&quot;:&quot;classic&quot;}\">\n\t\t\t\t\t\t<div class=\"elementor-container elementor-column-gap-default\">\n\t\t\t\t\t<div class=\"elementor-column elementor-col-100 elementor-top-column elementor-element elementor-element-8302b78\" data-id=\"8302b78\" data-element_type=\"column\" data-e-type=\"column\">\n\t\t\t<div class=\"elementor-widget-wrap elementor-element-populated\">\n\t\t\t\t\t\t<div class=\"elementor-element elementor-element-e11f63f elementor-widget elementor-widget-text-editor\" data-id=\"e11f63f\" data-element_type=\"widget\" data-e-type=\"widget\" data-widget_type=\"text-editor.default\">\n\t\t\t\t<div class=\"elementor-widget-container\">\n\t\t\t\t\t\t\t\t\t<strong>Diane Paquin<\/strong> est Dermo esth\u00e9ticienne et <strong>propri\u00e9taire de la Clinique Just Face,<\/strong> situ\u00e9e au bord du canal Lachine pr\u00e8s du march\u00e9 Atwater. Profitez pleinement de votre visite dans un environnement priv\u00e9 et distingu\u00e9.\t\t\t\t\t\t\t\t<\/div>\n\t\t\t\t<\/div>\n\t\t\t\t\t<\/div>\n\t\t<\/div>\n\t\t\t\t\t<\/div>\n\t\t<\/section>\n\t\t\t\t<section class=\"elementor-section elementor-top-section elementor-element elementor-element-931d1f2 elementor-section-boxed elementor-section-height-default elementor-section-height-default\" data-id=\"931d1f2\" data-element_type=\"section\" data-e-type=\"section\" data-settings=\"{&quot;background_background&quot;:&quot;classic&quot;}\">\n\t\t\t\t\t\t<div class=\"elementor-container elementor-column-gap-default\">\n\t\t\t\t\t<div class=\"elementor-column elementor-col-100 elementor-top-column elementor-element elementor-element-93592f2\" data-id=\"93592f2\" data-element_type=\"column\" data-e-type=\"column\">\n\t\t\t<div class=\"elementor-widget-wrap elementor-element-populated\">\n\t\t\t\t\t\t<div class=\"elementor-element elementor-element-f687f1d elementor-widget elementor-widget-text-editor\" data-id=\"f687f1d\" data-element_type=\"widget\" data-e-type=\"widget\" data-widget_type=\"text-editor.default\">\n\t\t\t\t<div class=\"elementor-widget-container\">\n\t\t\t\t\t\t\t\t\t<p><strong>Gens de Petite Bourgogne, Griffintown, Saint-Henri et Montr\u00e9al!<\/strong><\/p><p><span style=\"font-weight: 400;\">La Clinique Esth\u00e9tique Just Face offre des traitements du visage \u00e0 Montr\u00e9al avec la technologie Hydrafacial !<\/span><\/p><p><span style=\"font-weight: 400;\">Unique traitement utilisant une technologie brevet\u00e9e pour nettoyer, extraire et hydrater en un seul soin.<\/span><\/p><p><span style=\"font-weight: 400;\">HydraFacial\u00a9 est un traitement in\u00e9gal\u00e9 qui repose sur 4 \u00e9tapes avec diff\u00e9rentes technologies de sant\u00e9 de la peau: hydra dermabrasion, peeling, extraction par aspiration, luminoth\u00e9rapie et plus. Adapt\u00e9e \u00e0 tous, cette technique unique utilise des embouts et des s\u00e9rums brevet\u00e9s pour apporter un r\u00e9sultat imm\u00e9diat et lumineux.<\/span><\/p><p><span style=\"font-weight: 400;\">HydraFacial MD est le seul \u00e0 utiliser la technologie brevet\u00e9e VORTEX TECHNOLOGY, GAGNANT DE PLUSIEURS PRIX!<\/span><\/p>\t\t\t\t\t\t\t\t<\/div>\n\t\t\t\t<\/div>\n\t\t\t\t<div class=\"elementor-element elementor-element-19c54ac elementor-align-center elementor-widget elementor-widget-button\" data-id=\"19c54ac\" data-element_type=\"widget\" data-e-type=\"widget\" data-widget_type=\"button.default\">\n\t\t\t\t<div class=\"elementor-widget-container\">\n\t\t\t\t\t\t\t\t\t<div class=\"elementor-button-wrapper\">\n\t\t\t\t\t<a class=\"elementor-button elementor-button-link elementor-size-sm\" href=\"tel:514-830-8040\" target=\"_blank\">\n\t\t\t\t\t\t<span class=\"elementor-button-content-wrapper\">\n\t\t\t\t\t\t<span class=\"elementor-button-icon\">\n\t\t\t\t<i aria-hidden=\"true\" class=\"far fa-calendar-alt\"><\/i>\t\t\t<\/span>\n\t\t\t\t\t\t\t\t\t<span class=\"elementor-button-text\">prendre rendez-vous<\/span>\n\t\t\t\t\t<\/span>\n\t\t\t\t\t<\/a>\n\t\t\t\t<\/div>\n\t\t\t\t\t\t\t\t<\/div>\n\t\t\t\t<\/div>\n\t\t\t\t\t<\/div>\n\t\t<\/div>\n\t\t\t\t\t<\/div>\n\t\t<\/section>\n\t\t\t\t<section class=\"elementor-section elementor-top-section elementor-element elementor-element-4a1a104 elementor-section-boxed elementor-section-height-default elementor-section-height-default\" data-id=\"4a1a104\" data-element_type=\"section\" data-e-type=\"section\">\n\t\t\t\t\t\t<div class=\"elementor-container elementor-column-gap-default\">\n\t\t\t\t\t<div class=\"elementor-column elementor-col-50 elementor-top-column elementor-element elementor-element-a480448\" data-id=\"a480448\" data-element_type=\"column\" data-e-type=\"column\">\n\t\t\t<div class=\"elementor-widget-wrap elementor-element-populated\">\n\t\t\t\t\t\t<div class=\"elementor-element elementor-element-3fcfc7a elementor-widget elementor-widget-text-editor\" data-id=\"3fcfc7a\" data-element_type=\"widget\" data-e-type=\"widget\" data-widget_type=\"text-editor.default\">\n\t\t\t\t<div class=\"elementor-widget-container\">\n\t\t\t\t\t\t\t\t\t<p>UNE GAMME COMPL\u00c8TE DE PRODUITS POUR ILLUMINER ET HYDRATER VOTRE VISAGE EN PROFONDEUR!<br><\/p>\n<p>Soins pour homme et femme.<\/p>\t\t\t\t\t\t\t\t<\/div>\n\t\t\t\t<\/div>\n\t\t\t\t\t<\/div>\n\t\t<\/div>\n\t\t\t\t<div class=\"elementor-column elementor-col-50 elementor-top-column elementor-element elementor-element-a9a42f6\" data-id=\"a9a42f6\" data-element_type=\"column\" data-e-type=\"column\">\n\t\t\t<div class=\"elementor-widget-wrap elementor-element-populated\">\n\t\t\t\t\t\t<div class=\"elementor-element elementor-element-25e2ec1 elementor-widget elementor-widget-image\" data-id=\"25e2ec1\" data-element_type=\"widget\" data-e-type=\"widget\" data-widget_type=\"image.default\">\n\t\t\t\t<div class=\"elementor-widget-container\">\n\t\t\t\t\t\t\t\t\t\t\t\t\t\t\t<img fetchpriority=\"high\" decoding=\"async\" width=\"550\" height=\"337\" src=\"https:\/\/esthetiquejustface.com\/wp-content\/uploads\/2022\/09\/LOGOS2-JUST-FACE.webp\" class=\"attachment-large size-large wp-image-531\" alt=\"clinique-JustFace-Montreal-esth\u00e9tique\" srcset=\"https:\/\/esthetiquejustface.com\/wp-content\/uploads\/2022\/09\/LOGOS2-JUST-FACE.webp 550w, https:\/\/esthetiquejustface.com\/wp-content\/uploads\/2022\/09\/LOGOS2-JUST-FACE-300x184.webp 300w\" sizes=\"(max-width: 550px) 100vw, 550px\" \/>\t\t\t\t\t\t\t\t\t\t\t\t\t\t\t<\/div>\n\t\t\t\t<\/div>\n\t\t\t\t\t<\/div>\n\t\t<\/div>\n\t\t\t\t\t<\/div>\n\t\t<\/section>\n\t\t\t\t<section class=\"elementor-section elementor-top-section elementor-element elementor-element-8cfacf8 elementor-section-boxed elementor-section-height-default elementor-section-height-default\" data-id=\"8cfacf8\" data-element_type=\"section\" data-e-type=\"section\">\n\t\t\t\t\t\t<div class=\"elementor-container elementor-column-gap-default\">\n\t\t\t\t\t<div class=\"elementor-column elementor-col-50 elementor-top-column elementor-element elementor-element-fe5527a\" data-id=\"fe5527a\" data-element_type=\"column\" data-e-type=\"column\">\n\t\t\t<div class=\"elementor-widget-wrap elementor-element-populated\">\n\t\t\t\t\t\t<div class=\"elementor-element elementor-element-5e3a284 elementor-view-default elementor-position-block-start elementor-mobile-position-block-start elementor-widget elementor-widget-icon-box\" data-id=\"5e3a284\" data-element_type=\"widget\" data-e-type=\"widget\" data-widget_type=\"icon-box.default\">\n\t\t\t\t<div class=\"elementor-widget-container\">\n\t\t\t\t\t\t\t<div class=\"elementor-icon-box-wrapper\">\n\n\t\t\t\t\t\t<div class=\"elementor-icon-box-icon\">\n\t\t\t\t<a href=\"https:\/\/www.facebook.com\/Clinique-JustFace-102296324579494\/?__tn__=%2Cd%2CP-R&#038;eid=ARBmkxvNZZHMgbGf--xk8DVWBP_DKjMiQ5yBVJDjKenwdRWJqH3AtV-SU-ntPJ1YyxewRO18igJZGjdA\" target=\"_blank\" class=\"elementor-icon\" tabindex=\"-1\" aria-label=\"Suivez-nous\">\n\t\t\t\t<i aria-hidden=\"true\" class=\"fab fa-facebook-square\"><\/i>\t\t\t\t<\/a>\n\t\t\t<\/div>\n\t\t\t\n\t\t\t\t\t\t<div class=\"elementor-icon-box-content\">\n\n\t\t\t\t\t\t\t\t\t<h3 class=\"elementor-icon-box-title\">\n\t\t\t\t\t\t<a href=\"https:\/\/www.facebook.com\/Clinique-JustFace-102296324579494\/?__tn__=%2Cd%2CP-R&#038;eid=ARBmkxvNZZHMgbGf--xk8DVWBP_DKjMiQ5yBVJDjKenwdRWJqH3AtV-SU-ntPJ1YyxewRO18igJZGjdA\" target=\"_blank\" >\n\t\t\t\t\t\t\tSuivez-nous\t\t\t\t\t\t<\/a>\n\t\t\t\t\t<\/h3>\n\t\t\t\t\n\t\t\t\t\n\t\t\t<\/div>\n\t\t\t\n\t\t<\/div>\n\t\t\t\t\t\t<\/div>\n\t\t\t\t<\/div>\n\t\t\t\t\t<\/div>\n\t\t<\/div>\n\t\t\t\t<div class=\"elementor-column elementor-col-50 elementor-top-column elementor-element elementor-element-9964eb6\" data-id=\"9964eb6\" data-element_type=\"column\" data-e-type=\"column\">\n\t\t\t<div class=\"elementor-widget-wrap elementor-element-populated\">\n\t\t\t\t\t\t<div class=\"elementor-element elementor-element-c3b9674 elementor-view-default elementor-position-block-start elementor-mobile-position-block-start elementor-widget elementor-widget-icon-box\" data-id=\"c3b9674\" data-element_type=\"widget\" data-e-type=\"widget\" data-widget_type=\"icon-box.default\">\n\t\t\t\t<div class=\"elementor-widget-container\">\n\t\t\t\t\t\t\t<div class=\"elementor-icon-box-wrapper\">\n\n\t\t\t\t\t\t<div class=\"elementor-icon-box-icon\">\n\t\t\t\t<a href=\"https:\/\/www.instagram.com\/clinic_justface\/?hl=fr-ca\" target=\"_blank\" class=\"elementor-icon\" tabindex=\"-1\" aria-label=\"Suivez-nous\">\n\t\t\t\t<i aria-hidden=\"true\" class=\"fab fa-instagram\"><\/i>\t\t\t\t<\/a>\n\t\t\t<\/div>\n\t\t\t\n\t\t\t\t\t\t<div class=\"elementor-icon-box-content\">\n\n\t\t\t\t\t\t\t\t\t<h3 class=\"elementor-icon-box-title\">\n\t\t\t\t\t\t<a href=\"https:\/\/www.instagram.com\/clinic_justface\/?hl=fr-ca\" target=\"_blank\" >\n\t\t\t\t\t\t\tSuivez-nous\t\t\t\t\t\t<\/a>\n\t\t\t\t\t<\/h3>\n\t\t\t\t\n\t\t\t\t\n\t\t\t<\/div>\n\t\t\t\n\t\t<\/div>\n\t\t\t\t\t\t<\/div>\n\t\t\t\t<\/div>\n\t\t\t\t\t<\/div>\n\t\t<\/div>\n\t\t\t\t\t<\/div>\n\t\t<\/section>\n\t\t\t\t<\/div>\n\t\t","protected":false},"excerpt":{"rendered":"<p>DES SOINS ADAPT\u00c9S POUR VOUS! 514-830-8040 Gens de Petite Bourgogne, Griffintown, Saint-Henri et Montr\u00e9al! Diane Paquin est Dermo esth\u00e9ticienne et propri\u00e9taire de la Clinique Just Face, situ\u00e9e au bord du canal Lachine pr\u00e8s du march\u00e9 Atwater. Profitez pleinement de votre visite dans un environnement priv\u00e9 et distingu\u00e9. Gens de Petite Bourgogne, Griffintown, Saint-Henri et Montr\u00e9al!&hellip;&nbsp;<a href=\"https:\/\/esthetiquejustface.com\/en\/esthetique-hydrafacial-griffintown\/\" rel=\"bookmark\">Read More &raquo;<span class=\"screen-reader-text\">esthetique-hydrafacial-griffintown<\/span><\/a><\/p>","protected":false},"author":1,"featured_media":0,"parent":0,"menu_order":0,"comment_status":"closed","ping_status":"closed","template":"page-templates\/template-pagebuilder-full-width.php","meta":{"_seopress_robots_primary_cat":"","_seopress_titles_title":"Soins ESTH\u00c9TIQUE Clinique JustFace, Griffintown, Montr\u00e9al","_seopress_titles_desc":"Traitements du visage \u00e0 Montr\u00e9al dans le secteur Griffontown, Petite-Bourgogne avec la technologie Hydrafacial ! Unique traitement utilisant une technologie brevet\u00e9e pour nettoyer, extraire et hydrater.","_seopress_robots_index":"","neve_meta_sidebar":"","neve_meta_container":"","neve_meta_enable_content_width":"off","neve_meta_content_width":100,"neve_meta_title_alignment":"","neve_meta_author_avatar":"","neve_post_elements_order":"","neve_meta_disable_header":"","neve_meta_disable_footer":"","neve_meta_disable_title":"","neve_meta_reading_time":"","footnotes":""},"class_list":["post-621","page","type-page","status-publish","hentry"],"_links":{"self":[{"href":"https:\/\/esthetiquejustface.com\/en\/wp-json\/wp\/v2\/pages\/621","targetHints":{"allow":["GET"]}}],"collection":[{"href":"https:\/\/esthetiquejustface.com\/en\/wp-json\/wp\/v2\/pages"}],"about":[{"href":"https:\/\/esthetiquejustface.com\/en\/wp-json\/wp\/v2\/types\/page"}],"author":[{"embeddable":true,"href":"https:\/\/esthetiquejustface.com\/en\/wp-json\/wp\/v2\/users\/1"}],"replies":[{"embeddable":true,"href":"https:\/\/esthetiquejustface.com\/en\/wp-json\/wp\/v2\/comments?post=621"}],"version-history":[{"count":6,"href":"https:\/\/esthetiquejustface.com\/en\/wp-json\/wp\/v2\/pages\/621\/revisions"}],"predecessor-version":[{"id":627,"href":"https:\/\/esthetiquejustface.com\/en\/wp-json\/wp\/v2\/pages\/621\/revisions\/627"}],"wp:attachment":[{"href":"https:\/\/esthetiquejustface.com\/en\/wp-json\/wp\/v2\/media?parent=621"}],"curies":[{"name":"wp","href":"https:\/\/api.w.org\/{rel}","templated":true}]}}